{"id":2,"date":"2024-10-08T19:41:18","date_gmt":"2024-10-08T19:41:18","guid":{"rendered":"https:\/\/pirouets.synology.me\/?page_id=2"},"modified":"2024-10-09T19:41:50","modified_gmt":"2024-10-09T19:41:50","slug":"sample-page","status":"publish","type":"page","link":"https:\/\/pirouets.synology.me\/?page_id=2","title":{"rendered":"AUDIO"},"content":{"rendered":"\n<p>Sur cette page, d\u00e9couvrez quelques-unes de nos reprises qui capturent l&#8217;essence de notre style et de notre cr\u00e9ativit\u00e9. Installez-vous, appuyez sur &#8220;play&#8221; et laissez-vous emporter par le son <strong>Kr\u016bmbs<\/strong> !<\/p>\n\n\n\n<figure class=\"wp-block-audio\"><audio controls src=\"https:\/\/pirouets.synology.me\/wp-content\/uploads\/2024\/10\/Seven-Nation-Army.mp3\"><\/audio><\/figure>\n\n\n\n<figure class=\"wp-block-audio\"><audio controls src=\"https:\/\/pirouets.synology.me\/wp-content\/uploads\/2024\/10\/Eteins-La-Lumiere.mp3\"><\/audio><\/figure>\n\n\n\n<figure class=\"wp-block-audio\"><audio controls src=\"https:\/\/pirouets.synology.me\/wp-content\/uploads\/2024\/10\/You-Oughta-Know.mp3\"><\/audio><\/figure>\n\n\n\n<figure class=\"wp-block-audio\"><audio controls src=\"https:\/\/pirouets.synology.me\/wp-content\/uploads\/2024\/10\/Troisieme-Sexe.mp3\"><\/audio><\/figure>\n\n\n\n<p><\/p>\n","protected":false},"excerpt":{"rendered":"<p>Sur cette page, d\u00e9couvrez quelques-unes de nos reprises qui capturent l&#8217;essence de notre style et de notre cr\u00e9ativit\u00e9. Installez-vous, appuyez sur &#8220;play&#8221; et laissez-vous emporter par le son Kr\u016bmbs !<\/p>\n","protected":false},"author":1,"featured_media":0,"parent":0,"menu_order":0,"comment_status":"closed","ping_status":"open","template":"","meta":{"footnotes":""},"class_list":["post-2","page","type-page","status-publish","hentry"],"_links":{"self":[{"href":"https:\/\/pirouets.synology.me\/index.php?rest_route=\/wp\/v2\/pages\/2","targetHints":{"allow":["GET"]}}],"collection":[{"href":"https:\/\/pirouets.synology.me\/index.php?rest_route=\/wp\/v2\/pages"}],"about":[{"href":"https:\/\/pirouets.synology.me\/index.php?rest_route=\/wp\/v2\/types\/page"}],"author":[{"embeddable":true,"href":"https:\/\/pirouets.synology.me\/index.php?rest_route=\/wp\/v2\/users\/1"}],"replies":[{"embeddable":true,"href":"https:\/\/pirouets.synology.me\/index.php?rest_route=%2Fwp%2Fv2%2Fcomments&post=2"}],"version-history":[{"count":3,"href":"https:\/\/pirouets.synology.me\/index.php?rest_route=\/wp\/v2\/pages\/2\/revisions"}],"predecessor-version":[{"id":50,"href":"https:\/\/pirouets.synology.me\/index.php?rest_route=\/wp\/v2\/pages\/2\/revisions\/50"}],"wp:attachment":[{"href":"https:\/\/pirouets.synology.me\/index.php?rest_route=%2Fwp%2Fv2%2Fmedia&parent=2"}],"curies":[{"name":"wp","href":"https:\/\/api.w.org\/{rel}","templated":true}]}}