{"id":29,"date":"2024-10-09T15:37:05","date_gmt":"2024-10-09T15:37:05","guid":{"rendered":"https:\/\/pirouets.synology.me\/?page_id=29"},"modified":"2024-10-09T15:38:46","modified_gmt":"2024-10-09T15:38:46","slug":"video","status":"publish","type":"page","link":"https:\/\/pirouets.synology.me\/?page_id=29","title":{"rendered":"VID\u00c9O"},"content":{"rendered":"\n<h3 class=\"wp-block-heading\">D\u00e9couvrez nos vid\u00e9os !<\/h3>\n\n\n\n<p>Bienvenue sur notre page d\u00e9di\u00e9e aux vid\u00e9os des <strong>Kr\u016bmbs<\/strong>. Ici, vous pourrez explorer une s\u00e9lection d&#8217;extraits de nos concerts et nos clips, capturant l&#8217;essence de notre musique et de nos performances.<\/p>\n\n\n\n<p>Chaque vid\u00e9o vous permet de revivre l&#8217;ambiance de nos concerts et de d\u00e9couvrir notre style unique. Que vous soyez d\u00e9j\u00e0 un fan ou que vous souhaitiez d\u00e9couvrir notre univers, nous esp\u00e9rons que ces vid\u00e9os vous plairont.<\/p>\n\n\n\n<p>N\u2019h\u00e9sitez pas \u00e0 partager vos moments pr\u00e9f\u00e9r\u00e9s et \u00e0 rester connect\u00e9s pour suivre nos actualit\u00e9s !<\/p>\n\n\n\n<figure class=\"wp-block-embed is-type-video is-provider-youtube wp-block-embed-youtube wp-embed-aspect-16-9 wp-has-aspect-ratio\"><div class=\"wp-block-embed__wrapper\">\n<iframe loading=\"lazy\" title=\"D\u00e9mo vid\u00e9o des Krumbs\" width=\"500\" height=\"281\" src=\"https:\/\/www.youtube.com\/embed\/XUUfD6sQoGI?feature=oembed\" frameborder=\"0\" allow=\"accelerometer; autoplay; clipboard-write; encrypted-media; gyroscope; picture-in-picture; web-share\" referrerpolicy=\"strict-origin-when-cross-origin\" allowfullscreen><\/iframe>\n<\/div><\/figure>\n\n\n\n<figure class=\"wp-block-embed is-type-video is-provider-youtube wp-block-embed-youtube wp-embed-aspect-16-9 wp-has-aspect-ratio\"><div class=\"wp-block-embed__wrapper\">\n<iframe loading=\"lazy\" title=\"Kr\u016bmbs -What A Wonderful World (Louis Armstrong Ramones Cover)\" width=\"500\" height=\"281\" src=\"https:\/\/www.youtube.com\/embed\/yKX_kyzk_FE?feature=oembed\" frameborder=\"0\" allow=\"accelerometer; autoplay; clipboard-write; encrypted-media; gyroscope; picture-in-picture; web-share\" referrerpolicy=\"strict-origin-when-cross-origin\" allowfullscreen><\/iframe>\n<\/div><\/figure>\n\n\n\n<figure class=\"wp-block-embed is-type-video is-provider-youtube wp-block-embed-youtube wp-embed-aspect-16-9 wp-has-aspect-ratio\"><div class=\"wp-block-embed__wrapper\">\n<iframe loading=\"lazy\" title=\"Kr\u016bmbs - Seven Nation Army (White Stripes Cover)\" width=\"500\" height=\"281\" src=\"https:\/\/www.youtube.com\/embed\/F5ZisHmZsGk?feature=oembed\" frameborder=\"0\" allow=\"accelerometer; autoplay; clipboard-write; encrypted-media; gyroscope; picture-in-picture; web-share\" referrerpolicy=\"strict-origin-when-cross-origin\" allowfullscreen><\/iframe>\n<\/div><\/figure>\n\n\n\n<figure class=\"wp-block-embed is-type-video is-provider-youtube wp-block-embed-youtube wp-embed-aspect-16-9 wp-has-aspect-ratio\"><div class=\"wp-block-embed__wrapper\">\n<iframe loading=\"lazy\" title=\"Kr\u016bmbs - Killing In The Fire\" width=\"500\" height=\"281\" src=\"https:\/\/www.youtube.com\/embed\/HOAYDHipgg8?feature=oembed\" frameborder=\"0\" allow=\"accelerometer; autoplay; clipboard-write; encrypted-media; gyroscope; picture-in-picture; web-share\" referrerpolicy=\"strict-origin-when-cross-origin\" allowfullscreen><\/iframe>\n<\/div><\/figure>\n\n\n\n<figure class=\"wp-block-embed is-type-video is-provider-youtube wp-block-embed-youtube wp-embed-aspect-16-9 wp-has-aspect-ratio\"><div class=\"wp-block-embed__wrapper\">\n<iframe loading=\"lazy\" title=\"Krumbs - Toxic (Britney Spears cover)\" width=\"500\" height=\"281\" src=\"https:\/\/www.youtube.com\/embed\/8DlFVS5Ixds?feature=oembed\" frameborder=\"0\" allow=\"accelerometer; autoplay; clipboard-write; encrypted-media; gyroscope; picture-in-picture; web-share\" referrerpolicy=\"strict-origin-when-cross-origin\" allowfullscreen><\/iframe>\n<\/div><\/figure>\n\n\n\n<figure class=\"wp-block-embed is-type-video is-provider-youtube wp-block-embed-youtube wp-embed-aspect-16-9 wp-has-aspect-ratio\"><div class=\"wp-block-embed__wrapper\">\n<iframe loading=\"lazy\" title=\"Krumbs - Banana Split (Lio cover)\" width=\"500\" height=\"281\" src=\"https:\/\/www.youtube.com\/embed\/SlpH16oYgaY?feature=oembed\" frameborder=\"0\" allow=\"accelerometer; autoplay; clipboard-write; encrypted-media; gyroscope; picture-in-picture; web-share\" referrerpolicy=\"strict-origin-when-cross-origin\" allowfullscreen><\/iframe>\n<\/div><\/figure>\n\n\n\n<figure class=\"wp-block-embed is-type-video is-provider-youtube wp-block-embed-youtube wp-embed-aspect-16-9 wp-has-aspect-ratio\"><div class=\"wp-block-embed__wrapper\">\n<iframe loading=\"lazy\" title=\"Krumbs - Back in Black (AC\/DC Cover)\" width=\"500\" height=\"281\" src=\"https:\/\/www.youtube.com\/embed\/_vWAxWRRdq8?feature=oembed\" frameborder=\"0\" allow=\"accelerometer; autoplay; clipboard-write; encrypted-media; gyroscope; picture-in-picture; web-share\" referrerpolicy=\"strict-origin-when-cross-origin\" allowfullscreen><\/iframe>\n<\/div><\/figure>\n","protected":false},"excerpt":{"rendered":"<p>D\u00e9couvrez nos vid\u00e9os ! Bienvenue sur notre page d\u00e9di\u00e9e aux vid\u00e9os des Kr\u016bmbs. Ici, vous pourrez explorer une s\u00e9lection d&#8217;extraits de nos concerts et nos clips, capturant l&#8217;essence de notre musique et de nos performances. Chaque vid\u00e9o vous permet de revivre l&#8217;ambiance de nos concerts et de d\u00e9couvrir notre style unique. Que vous soyez d\u00e9j\u00e0 [&hellip;]<\/p>\n","protected":false},"author":1,"featured_media":0,"parent":0,"menu_order":0,"comment_status":"closed","ping_status":"closed","template":"","meta":{"footnotes":""},"class_list":["post-29","page","type-page","status-publish","hentry"],"_links":{"self":[{"href":"https:\/\/pirouets.synology.me\/index.php?rest_route=\/wp\/v2\/pages\/29","targetHints":{"allow":["GET"]}}],"collection":[{"href":"https:\/\/pirouets.synology.me\/index.php?rest_route=\/wp\/v2\/pages"}],"about":[{"href":"https:\/\/pirouets.synology.me\/index.php?rest_route=\/wp\/v2\/types\/page"}],"author":[{"embeddable":true,"href":"https:\/\/pirouets.synology.me\/index.php?rest_route=\/wp\/v2\/users\/1"}],"replies":[{"embeddable":true,"href":"https:\/\/pirouets.synology.me\/index.php?rest_route=%2Fwp%2Fv2%2Fcomments&post=29"}],"version-history":[{"count":2,"href":"https:\/\/pirouets.synology.me\/index.php?rest_route=\/wp\/v2\/pages\/29\/revisions"}],"predecessor-version":[{"id":31,"href":"https:\/\/pirouets.synology.me\/index.php?rest_route=\/wp\/v2\/pages\/29\/revisions\/31"}],"wp:attachment":[{"href":"https:\/\/pirouets.synology.me\/index.php?rest_route=%2Fwp%2Fv2%2Fmedia&parent=29"}],"curies":[{"name":"wp","href":"https:\/\/api.w.org\/{rel}","templated":true}]}}