{"id":34,"date":"2024-10-09T15:58:46","date_gmt":"2024-10-09T15:58:46","guid":{"rendered":"https:\/\/pirouets.synology.me\/?page_id=34"},"modified":"2024-10-09T15:58:46","modified_gmt":"2024-10-09T15:58:46","slug":"contact","status":"publish","type":"page","link":"https:\/\/pirouets.synology.me\/?page_id=34","title":{"rendered":"CONTACT"},"content":{"rendered":"\n<h3 class=\"wp-block-heading\">Contactez-nous !<\/h3>\n\n\n\n<p>Nous serions ravis d&#8217;avoir de vos nouvelles ! Que vous ayez des questions, des commentaires ou des propositions de collaboration, n&#8217;h\u00e9sitez pas \u00e0 nous contacter.<\/p>\n\n\n\n<p>Vous pouvez remplir le formulaire ci-dessous ou nous \u00e9crire directement \u00e0 l&#8217;adresse email suivante : <a href=\"mailto:krumbscovers@gmail.com\">krumbscovers@gmail.com<\/a>.<\/p>\n\n\n\n<p>Pour rester inform\u00e9 de nos derni\u00e8res actualit\u00e9s, concerts et projets, suivez-nous sur nos r\u00e9seaux sociaux : <\/p>\n\n\n\n<p>Facebook : <a href=\"https:\/\/www.facebook.com\/KrumbsCovers\/\">https:\/\/www.facebook.com\/KrumbsCovers\/<\/a><\/p>\n\n\n\n<p>Instagram : <\/p>\n\n\n\n<p>Youtube : <a href=\"https:\/\/www.youtube.com\/@krumbscovers7883\">https:\/\/www.youtube.com\/@krumbscovers7883<\/a><\/p>\n\n\n\n<p>Merci de votre int\u00e9r\u00eat pour les <strong>Kr\u016bmbs<\/strong> ! Nous avons h\u00e2te de vous lire.<\/p>\n","protected":false},"excerpt":{"rendered":"<p>Contactez-nous ! Nous serions ravis d&#8217;avoir de vos nouvelles ! Que vous ayez des questions, des commentaires ou des propositions de collaboration, n&#8217;h\u00e9sitez pas \u00e0 nous contacter. Vous pouvez remplir le formulaire ci-dessous ou nous \u00e9crire directement \u00e0 l&#8217;adresse email suivante : krumbscovers@gmail.com. Pour rester inform\u00e9 de nos derni\u00e8res actualit\u00e9s, concerts et projets, suivez-nous sur [&hellip;]<\/p>\n","protected":false},"author":1,"featured_media":0,"parent":0,"menu_order":0,"comment_status":"closed","ping_status":"closed","template":"","meta":{"footnotes":""},"class_list":["post-34","page","type-page","status-publish","hentry"],"_links":{"self":[{"href":"https:\/\/pirouets.synology.me\/index.php?rest_route=\/wp\/v2\/pages\/34","targetHints":{"allow":["GET"]}}],"collection":[{"href":"https:\/\/pirouets.synology.me\/index.php?rest_route=\/wp\/v2\/pages"}],"about":[{"href":"https:\/\/pirouets.synology.me\/index.php?rest_route=\/wp\/v2\/types\/page"}],"author":[{"embeddable":true,"href":"https:\/\/pirouets.synology.me\/index.php?rest_route=\/wp\/v2\/users\/1"}],"replies":[{"embeddable":true,"href":"https:\/\/pirouets.synology.me\/index.php?rest_route=%2Fwp%2Fv2%2Fcomments&post=34"}],"version-history":[{"count":2,"href":"https:\/\/pirouets.synology.me\/index.php?rest_route=\/wp\/v2\/pages\/34\/revisions"}],"predecessor-version":[{"id":48,"href":"https:\/\/pirouets.synology.me\/index.php?rest_route=\/wp\/v2\/pages\/34\/revisions\/48"}],"wp:attachment":[{"href":"https:\/\/pirouets.synology.me\/index.php?rest_route=%2Fwp%2Fv2%2Fmedia&parent=34"}],"curies":[{"name":"wp","href":"https:\/\/api.w.org\/{rel}","templated":true}]}}