{"id":53,"date":"2024-10-10T12:07:26","date_gmt":"2024-10-10T12:07:26","guid":{"rendered":"https:\/\/pirouets.synology.me\/?page_id=53"},"modified":"2024-10-10T12:49:14","modified_gmt":"2024-10-10T12:49:14","slug":"espacepro","status":"publish","type":"page","link":"https:\/\/pirouets.synology.me\/?page_id=53","title":{"rendered":"ESPACE PRO"},"content":{"rendered":"\n<p>Le groupe <strong>Kr\u016bmbs<\/strong> est compos\u00e9 de musiciens amateurs, fonctionnant sous la gestion de l\u2019association <strong>Kr\u016bmbs Asso<\/strong>, enregistr\u00e9e sous le num\u00e9ro W491021614.<\/p>\n\n\n\n<p>Toutes nos prestations sont propos\u00e9es apr\u00e8s signature d\u2019un devis entre les deux parties, et les factures sont \u00e9mises au nom de l\u2019association.<\/p>\n\n\n\n<p>Pour toute demande de prestation, merci de nous contacter :<\/p>\n\n\n\n<ul class=\"wp-block-list\">\n<li>Par email : <a>krumbscovers@gmail.com<\/a><\/li>\n\n\n\n<li>Par t\u00e9l\u00e9phone : 06 65 16 28 51<\/li>\n<\/ul>\n\n\n\n<p>Nous nous d\u00e9pla\u00e7ons avec notre propre mat\u00e9riel de sonorisation et d\u2019\u00e9clairage pour assurer une performance professionnelle et autonome.<\/p>\n\n\n\n<p>Vous pouvez \u00e9galement t\u00e9l\u00e9charger les documents utiles \u00e0 la pr\u00e9paration de notre venue via les liens ci-dessous.<\/p>\n\n\n\n<div data-wp-interactive=\"core\/file\" class=\"wp-block-file\"><object data-wp-bind--hidden=\"!state.hasPdfPreview\" hidden class=\"wp-block-file__embed\" data=\"https:\/\/pirouets.synology.me\/wp-content\/uploads\/2024\/10\/Fiche-Technique-Krumbs.xlsx-Feuille-1.pdf\" type=\"application\/pdf\" style=\"width:100%;height:360px\" aria-label=\"Embed of Fiche Technique - Krumbs.\"><\/object><a id=\"wp-block-file--media-d9bd6465-0ccd-4ec1-996e-efd15e13b4f3\" href=\"https:\/\/pirouets.synology.me\/wp-content\/uploads\/2024\/10\/Fiche-Technique-Krumbs.xlsx-Feuille-1.pdf\">Fiche Technique &#8211; Krumbs<\/a><a href=\"https:\/\/pirouets.synology.me\/wp-content\/uploads\/2024\/10\/Fiche-Technique-Krumbs.xlsx-Feuille-1.pdf\" class=\"wp-block-file__button wp-element-button\" download aria-describedby=\"wp-block-file--media-d9bd6465-0ccd-4ec1-996e-efd15e13b4f3\">Download<\/a><\/div>\n\n\n\n<div data-wp-interactive=\"core\/file\" class=\"wp-block-file\"><object data-wp-bind--hidden=\"!state.hasPdfPreview\" hidden class=\"wp-block-file__embed\" data=\"https:\/\/pirouets.synology.me\/wp-content\/uploads\/2024\/10\/Plan-de-Scene-Krumbs.pdf\" type=\"application\/pdf\" style=\"width:100%;height:330px\" aria-label=\"Embed of Plan de Sc\u00e8ne - Krumbs.\"><\/object><a id=\"wp-block-file--media-df816bef-ae74-48d1-8fa5-86451d85fda0\" href=\"https:\/\/pirouets.synology.me\/wp-content\/uploads\/2024\/10\/Plan-de-Scene-Krumbs.pdf\">Plan de Sc\u00e8ne &#8211; Krumbs<\/a><a href=\"https:\/\/pirouets.synology.me\/wp-content\/uploads\/2024\/10\/Plan-de-Scene-Krumbs.pdf\" class=\"wp-block-file__button wp-element-button\" download aria-describedby=\"wp-block-file--media-df816bef-ae74-48d1-8fa5-86451d85fda0\">Download<\/a><\/div>\n","protected":false},"excerpt":{"rendered":"<p>Le groupe Kr\u016bmbs est compos\u00e9 de musiciens amateurs, fonctionnant sous la gestion de l\u2019association Kr\u016bmbs Asso, enregistr\u00e9e sous le num\u00e9ro W491021614. Toutes nos prestations sont propos\u00e9es apr\u00e8s signature d\u2019un devis entre les deux parties, et les factures sont \u00e9mises au nom de l\u2019association. Pour toute demande de prestation, merci de nous contacter : Nous nous [&hellip;]<\/p>\n","protected":false},"author":1,"featured_media":0,"parent":0,"menu_order":0,"comment_status":"closed","ping_status":"closed","template":"","meta":{"footnotes":""},"class_list":["post-53","page","type-page","status-publish","hentry"],"_links":{"self":[{"href":"https:\/\/pirouets.synology.me\/index.php?rest_route=\/wp\/v2\/pages\/53","targetHints":{"allow":["GET"]}}],"collection":[{"href":"https:\/\/pirouets.synology.me\/index.php?rest_route=\/wp\/v2\/pages"}],"about":[{"href":"https:\/\/pirouets.synology.me\/index.php?rest_route=\/wp\/v2\/types\/page"}],"author":[{"embeddable":true,"href":"https:\/\/pirouets.synology.me\/index.php?rest_route=\/wp\/v2\/users\/1"}],"replies":[{"embeddable":true,"href":"https:\/\/pirouets.synology.me\/index.php?rest_route=%2Fwp%2Fv2%2Fcomments&post=53"}],"version-history":[{"count":5,"href":"https:\/\/pirouets.synology.me\/index.php?rest_route=\/wp\/v2\/pages\/53\/revisions"}],"predecessor-version":[{"id":63,"href":"https:\/\/pirouets.synology.me\/index.php?rest_route=\/wp\/v2\/pages\/53\/revisions\/63"}],"wp:attachment":[{"href":"https:\/\/pirouets.synology.me\/index.php?rest_route=%2Fwp%2Fv2%2Fmedia&parent=53"}],"curies":[{"name":"wp","href":"https:\/\/api.w.org\/{rel}","templated":true}]}}